{"id":14,"date":"2024-08-20T10:06:48","date_gmt":"2024-08-20T10:06:48","guid":{"rendered":"https:\/\/financephantomplatform.net\/?page_id=14"},"modified":"2025-12-16T06:20:29","modified_gmt":"2025-12-16T06:20:29","slug":"a-propos-de-nous","status":"publish","type":"page","link":"https:\/\/financephantomplatform.net\/fr\/about-us\/","title":{"rendered":"\u00c0 propos de nous"},"content":{"rendered":"<div data-elementor-type=\"wp-page\" data-elementor-id=\"14\" class=\"elementor elementor-14\" data-elementor-post-type=\"page\">\n\t\t\t\t<div class=\"elementor-element elementor-element-ec519e5 e-flex e-con-boxed e-con e-parent\" data-id=\"ec519e5\" data-element_type=\"container\" data-e-type=\"container\" data-settings=\"{&quot;background_background&quot;:&quot;classic&quot;}\">\n\t\t\t\t\t<div class=\"e-con-inner\">\n\t\t\t\t<div class=\"elementor-element elementor-element-7a967a9 elementor-widget elementor-widget-heading\" data-id=\"7a967a9\" data-element_type=\"widget\" data-e-type=\"widget\" data-widget_type=\"heading.default\">\n\t\t\t\t<div class=\"elementor-widget-container\">\n\t\t\t\t\t<h1 class=\"elementor-heading-title elementor-size-default\">Plateforme Finance Phantom \u2013 \u00c0 propos de nous<\/h1>\t\t\t\t<\/div>\n\t\t\t\t<\/div>\n\t\t\t\t\t<\/div>\n\t\t\t\t<\/div>\n\t\t<div class=\"elementor-element elementor-element-3f9f49b e-flex e-con-boxed e-con e-parent\" data-id=\"3f9f49b\" data-element_type=\"container\" data-e-type=\"container\">\n\t\t\t\t\t<div class=\"e-con-inner\">\n\t\t<div class=\"elementor-element elementor-element-3d0f766 e-con-full e-flex e-con e-child\" data-id=\"3d0f766\" data-element_type=\"container\" data-e-type=\"container\">\n\t\t<div class=\"elementor-element elementor-element-e1412f4 e-con-full e-flex e-con e-child\" data-id=\"e1412f4\" data-element_type=\"container\" data-e-type=\"container\">\n\t\t\t\t<div class=\"elementor-element elementor-element-637a166 elementor-widget__width-initial elementor-widget elementor-widget-heading\" data-id=\"637a166\" data-element_type=\"widget\" data-e-type=\"widget\" data-widget_type=\"heading.default\">\n\t\t\t\t<div class=\"elementor-widget-container\">\n\t\t\t\t\t<h2 class=\"elementor-heading-title elementor-size-default\">Qu'est-ce que la plateforme de trading Finance Phantom ?<\/h2>\t\t\t\t<\/div>\n\t\t\t\t<\/div>\n\t\t\t\t<\/div>\n\t\t<div class=\"elementor-element elementor-element-87537d2 e-con-full e-flex e-con e-child\" data-id=\"87537d2\" data-element_type=\"container\" data-e-type=\"container\">\n\t\t\t\t<div class=\"elementor-element elementor-element-dfbf410 elementor-widget elementor-widget-text-editor\" data-id=\"dfbf410\" data-element_type=\"widget\" data-e-type=\"widget\" data-widget_type=\"text-editor.default\">\n\t\t\t\t<div class=\"elementor-widget-container\">\n\t\t\t\t\t\t\t\t\t<p>Pr\u00e9sentation de la plateforme de trading Finance Phantom, un choix de premier plan au sein de la communaut\u00e9 de trading de crypto-monnaies. R\u00e9put\u00e9e pour son impressionnante gamme de fonctionnalit\u00e9s, notre plateforme est con\u00e7ue pour les traders de tous niveaux d'exp\u00e9rience, offrant une exp\u00e9rience de trading fluide.<\/p><p>B\u00e9n\u00e9ficiez de toutes les fonctionnalit\u00e9s et des avantages exceptionnels offerts par notre plateforme. Dites adieu aux plateformes de trading conventionnelles et obsol\u00e8tes qui ne font que faciliter les transactions et adoptez une plateforme puissante et avanc\u00e9e qui vous permet de trader avec pr\u00e9cision et logique gr\u00e2ce \u00e0 des fonctionnalit\u00e9s innovantes.<\/p><p>Mais la plateforme de trading Finance Phantom est bien plus qu'un simple lieu d'\u00e9change de crypto-monnaies. Il s'agit d'une communaut\u00e9 dynamique d'individus partageant les m\u00eames id\u00e9es et la m\u00eame passion que vous pour le trading de crypto-monnaies.<\/p><p>Effectuez des transactions plus intelligentes avec la plateforme Finance Phantom, qui analyse m\u00e9ticuleusement les mouvements du march\u00e9 et ex\u00e9cute des transactions automatis\u00e9es en moins d'une fraction de seconde, bien plus rapidement que ses concurrents. Avec cette plateforme \u00e0 votre disposition, vous pouvez exploiter la puissance de la technologie de l'IA pour le trading de crypto-monnaies. Rejoignez-nous d\u00e8s aujourd'hui et d\u00e9couvrez ce qui nous distingue des autres plateformes de trading !<\/p>\t\t\t\t\t\t\t\t<\/div>\n\t\t\t\t<\/div>\n\t\t\t\t<\/div>\n\t\t\t\t<\/div>\n\t\t\t\t\t<\/div>\n\t\t\t\t<\/div>\n\t\t<div class=\"elementor-element elementor-element-6e7f71c e-con-full e-flex e-con e-parent\" data-id=\"6e7f71c\" data-element_type=\"container\" data-e-type=\"container\">\n\t\t<div class=\"elementor-element elementor-element-b3756fb e-con-full elementor-hidden-mobile e-flex e-con e-child\" data-id=\"b3756fb\" data-element_type=\"container\" data-e-type=\"container\" data-settings=\"{&quot;background_background&quot;:&quot;classic&quot;}\">\n\t\t\t\t<\/div>\n\t\t<div class=\"elementor-element elementor-element-42ab4d3 e-con-full e-flex e-con e-child\" data-id=\"42ab4d3\" data-element_type=\"container\" data-e-type=\"container\" data-settings=\"{&quot;background_background&quot;:&quot;classic&quot;}\">\n\t\t\t\t<div class=\"elementor-element elementor-element-729e47a elementor-widget__width-initial elementor-widget-tablet__width-inherit elementor-widget elementor-widget-heading\" data-id=\"729e47a\" data-element_type=\"widget\" data-e-type=\"widget\" data-widget_type=\"heading.default\">\n\t\t\t\t<div class=\"elementor-widget-container\">\n\t\t\t\t\t<h2 class=\"elementor-heading-title elementor-size-default\">Avantages de la plateforme de trading Finance Phantom<\/h2>\t\t\t\t<\/div>\n\t\t\t\t<\/div>\n\t\t\t\t<div class=\"elementor-element elementor-element-67161fc elementor-widget__width-initial elementor-widget-tablet__width-inherit elementor-widget elementor-widget-text-editor\" data-id=\"67161fc\" data-element_type=\"widget\" data-e-type=\"widget\" data-widget_type=\"text-editor.default\">\n\t\t\t\t<div class=\"elementor-widget-container\">\n\t\t\t\t\t\t\t\t\t<p>La plateforme de trading Finance Phantom utilise des statistiques, des algorithmes logiques et math\u00e9matiques pour minimiser les risques associ\u00e9s \u00e0 la prise de d\u00e9cision \u00e9motionnelle. Elle effectue des analyses techniques et fondamentales approfondies en collectant et en analysant de mani\u00e8re experte les donn\u00e9es du march\u00e9 en temps r\u00e9el, ce qui rend vos activit\u00e9s de trading plus rationalis\u00e9es et moins g\u00eanantes.<\/p><p>La plateforme dispose \u00e9galement d'une fonction de backtesting, qui vous permet d'\u00e9valuer vos param\u00e8tres par rapport aux mouvements pass\u00e9s du march\u00e9. Cet outil permet de garantir que les param\u00e8tres que vous avez choisis optimisent la rentabilit\u00e9 et produisent les meilleurs r\u00e9sultats.<\/p><p>Avec la plateforme de trading Finance Phantom, les traders peuvent opter pour des modes de trading automatique ou manuel. Notre objectif est de r\u00e9pondre aux besoins des traders en fonction de leur niveau de comp\u00e9tence, de leur disponibilit\u00e9, de leur style de trading ou de leurs int\u00e9r\u00eats. De plus, vous pouvez cr\u00e9er plusieurs comptes, tester diff\u00e9rentes strat\u00e9gies et explorer une gamme de possibilit\u00e9s avec cette plateforme polyvalente.<\/p>\t\t\t\t\t\t\t\t<\/div>\n\t\t\t\t<\/div>\n\t\t\t\t<\/div>\n\t\t\t\t<\/div>\n\t\t<div class=\"elementor-element elementor-element-4bfe477 e-con-full elementor-hidden-desktop elementor-hidden-tablet e-flex e-con e-parent\" data-id=\"4bfe477\" data-element_type=\"container\" data-e-type=\"container\">\n\t\t<div class=\"elementor-element elementor-element-69e5aac e-con-full e-flex e-con e-child\" data-id=\"69e5aac\" data-element_type=\"container\" data-e-type=\"container\" data-settings=\"{&quot;background_background&quot;:&quot;classic&quot;}\">\n\t\t\t\t<div class=\"elementor-element elementor-element-c03bd83 elementor-widget elementor-widget-spacer\" data-id=\"c03bd83\" data-element_type=\"widget\" data-e-type=\"widget\" data-widget_type=\"spacer.default\">\n\t\t\t\t<div class=\"elementor-widget-container\">\n\t\t\t\t\t\t\t<div class=\"elementor-spacer\">\n\t\t\t<div class=\"elementor-spacer-inner\"><\/div>\n\t\t<\/div>\n\t\t\t\t\t\t<\/div>\n\t\t\t\t<\/div>\n\t\t\t\t<\/div>\n\t\t<div class=\"elementor-element elementor-element-480ebad e-con-full elementor-hidden-mobile e-flex e-con e-child\" data-id=\"480ebad\" data-element_type=\"container\" data-e-type=\"container\" data-settings=\"{&quot;background_background&quot;:&quot;classic&quot;}\">\n\t\t\t\t<div class=\"elementor-element elementor-element-b7f6332 elementor-widget__width-initial elementor-widget-tablet__width-inherit elementor-widget elementor-widget-heading\" data-id=\"b7f6332\" data-element_type=\"widget\" data-e-type=\"widget\" data-widget_type=\"heading.default\">\n\t\t\t\t<div class=\"elementor-widget-container\">\n\t\t\t\t\t<h2 class=\"elementor-heading-title elementor-size-default\">Avantages de la plateforme de trading Finance Phantom<\/h2>\t\t\t\t<\/div>\n\t\t\t\t<\/div>\n\t\t\t\t<div class=\"elementor-element elementor-element-3c594f8 elementor-widget__width-initial elementor-widget-tablet__width-inherit elementor-widget elementor-widget-text-editor\" data-id=\"3c594f8\" data-element_type=\"widget\" data-e-type=\"widget\" data-widget_type=\"text-editor.default\">\n\t\t\t\t<div class=\"elementor-widget-container\">\n\t\t\t\t\t\t\t\t\t<p>La plateforme de trading Finance Phantom utilise des statistiques, des algorithmes logiques et math\u00e9matiques pour minimiser les risques associ\u00e9s \u00e0 la prise de d\u00e9cision \u00e9motionnelle. Elle effectue des analyses techniques et fondamentales approfondies en collectant et en analysant de mani\u00e8re experte les donn\u00e9es du march\u00e9 en temps r\u00e9el, ce qui rend vos activit\u00e9s de trading plus rationalis\u00e9es et moins g\u00eanantes.<\/p><p>La plateforme dispose \u00e9galement d'une fonction de backtesting, qui vous permet d'\u00e9valuer vos param\u00e8tres par rapport aux mouvements pass\u00e9s du march\u00e9. Cet outil permet de garantir que les param\u00e8tres que vous avez choisis optimisent la rentabilit\u00e9 et produisent les meilleurs r\u00e9sultats.<\/p><p>Avec la plateforme de trading Finance Phantom, les traders peuvent opter pour des modes de trading automatique ou manuel. Notre objectif est de r\u00e9pondre aux besoins des traders en fonction de leur niveau de comp\u00e9tence, de leur disponibilit\u00e9, de leur style de trading ou de leurs int\u00e9r\u00eats. De plus, vous pouvez cr\u00e9er plusieurs comptes, tester diff\u00e9rentes strat\u00e9gies et explorer une gamme de possibilit\u00e9s avec cette plateforme polyvalente.<\/p>\t\t\t\t\t\t\t\t<\/div>\n\t\t\t\t<\/div>\n\t\t\t\t<\/div>\n\t\t\t\t<\/div>\n\t\t\t\t<\/div>","protected":false},"excerpt":{"rendered":"<p>Finance Phantom Platform &#8211; About Us What is Finance Phantom Platform Trading? Introducing the Finance Phantom trading platform, a leading choice within the crypto trading community. Renowned for its impressive array of features, our platform is designed for traders of all experience levels, delivering a seamless trading experience. Unlock all the features and take advantage [&hellip;]<\/p>\n","protected":false},"author":1,"featured_media":0,"parent":0,"menu_order":0,"comment_status":"closed","ping_status":"closed","template":"","meta":{"footnotes":""},"class_list":["post-14","page","type-page","status-publish","hentry"],"_links":{"self":[{"href":"https:\/\/financephantomplatform.net\/fr\/wp-json\/wp\/v2\/pages\/14","targetHints":{"allow":["GET"]}}],"collection":[{"href":"https:\/\/financephantomplatform.net\/fr\/wp-json\/wp\/v2\/pages"}],"about":[{"href":"https:\/\/financephantomplatform.net\/fr\/wp-json\/wp\/v2\/types\/page"}],"author":[{"embeddable":true,"href":"https:\/\/financephantomplatform.net\/fr\/wp-json\/wp\/v2\/users\/1"}],"replies":[{"embeddable":true,"href":"https:\/\/financephantomplatform.net\/fr\/wp-json\/wp\/v2\/comments?post=14"}],"version-history":[{"count":0,"href":"https:\/\/financephantomplatform.net\/fr\/wp-json\/wp\/v2\/pages\/14\/revisions"}],"wp:attachment":[{"href":"https:\/\/financephantomplatform.net\/fr\/wp-json\/wp\/v2\/media?parent=14"}],"curies":[{"name":"wp","href":"https:\/\/api.w.org\/{rel}","templated":true}]}}