{"id":266,"date":"2024-08-21T07:11:47","date_gmt":"2024-08-21T07:11:47","guid":{"rendered":"https:\/\/financephantomplatform.net\/?page_id=266"},"modified":"2025-05-05T07:40:13","modified_gmt":"2025-05-05T07:40:13","slug":"politique-de-confidentialite","status":"publish","type":"page","link":"https:\/\/financephantomplatform.net\/fr\/privacy-policy\/","title":{"rendered":"politique de confidentialit\u00e9"},"content":{"rendered":"<div data-elementor-type=\"wp-page\" data-elementor-id=\"266\" class=\"elementor elementor-266\" data-elementor-post-type=\"page\">\n\t\t\t\t<div class=\"elementor-element elementor-element-aa58b49 e-flex e-con-boxed e-con e-parent\" data-id=\"aa58b49\" data-element_type=\"container\" data-e-type=\"container\" data-settings=\"{&quot;background_background&quot;:&quot;classic&quot;}\">\n\t\t\t\t\t<div class=\"e-con-inner\">\n\t\t\t\t<div class=\"elementor-element elementor-element-babb5dd elementor-widget elementor-widget-heading\" data-id=\"babb5dd\" data-element_type=\"widget\" data-e-type=\"widget\" data-widget_type=\"heading.default\">\n\t\t\t\t<div class=\"elementor-widget-container\">\n\t\t\t\t\t<h1 class=\"elementor-heading-title elementor-size-default\">politique de confidentialit\u00e9<\/h1>\t\t\t\t<\/div>\n\t\t\t\t<\/div>\n\t\t\t\t\t<\/div>\n\t\t\t\t<\/div>\n\t\t<div class=\"elementor-element elementor-element-3eb8918 e-flex e-con-boxed e-con e-parent\" data-id=\"3eb8918\" data-element_type=\"container\" data-e-type=\"container\">\n\t\t\t\t\t<div class=\"e-con-inner\">\n\t\t\t\t<div class=\"elementor-element elementor-element-122e432 elementor-widget elementor-widget-spacer\" data-id=\"122e432\" data-element_type=\"widget\" data-e-type=\"widget\" data-widget_type=\"spacer.default\">\n\t\t\t\t<div class=\"elementor-widget-container\">\n\t\t\t\t\t\t\t<div class=\"elementor-spacer\">\n\t\t\t<div class=\"elementor-spacer-inner\"><\/div>\n\t\t<\/div>\n\t\t\t\t\t\t<\/div>\n\t\t\t\t<\/div>\n\t\t\t\t<div class=\"elementor-element elementor-element-38ff38c elementor-widget elementor-widget-heading\" data-id=\"38ff38c\" data-element_type=\"widget\" data-e-type=\"widget\" data-widget_type=\"heading.default\">\n\t\t\t\t<div class=\"elementor-widget-container\">\n\t\t\t\t\t<h2 class=\"elementor-heading-title elementor-size-default\">Une br\u00e8ve introduction<\/h2>\t\t\t\t<\/div>\n\t\t\t\t<\/div>\n\t\t\t\t<div class=\"elementor-element elementor-element-4b08d51 elementor-widget elementor-widget-text-editor\" data-id=\"4b08d51\" data-element_type=\"widget\" data-e-type=\"widget\" data-widget_type=\"text-editor.default\">\n\t\t\t\t<div class=\"elementor-widget-container\">\n\t\t\t\t\t\t\t\t\t<p>Acc\u00e9dez \u00e0 notre site Web via : <a href=\"https:\/\/financephantomplatform.net\/fr\/\">https:\/\/financephantomplatform.net\/<\/a><\/p>\t\t\t\t\t\t\t\t<\/div>\n\t\t\t\t<\/div>\n\t\t\t\t<div class=\"elementor-element elementor-element-230181d elementor-widget elementor-widget-heading\" data-id=\"230181d\" data-element_type=\"widget\" data-e-type=\"widget\" data-widget_type=\"heading.default\">\n\t\t\t\t<div class=\"elementor-widget-container\">\n\t\t\t\t\t<h2 class=\"elementor-heading-title elementor-size-default\">Informations que nous collectons<\/h2>\t\t\t\t<\/div>\n\t\t\t\t<\/div>\n\t\t\t\t<div class=\"elementor-element elementor-element-3e74fcd elementor-widget elementor-widget-text-editor\" data-id=\"3e74fcd\" data-element_type=\"widget\" data-e-type=\"widget\" data-widget_type=\"text-editor.default\">\n\t\t\t\t<div class=\"elementor-widget-container\">\n\t\t\t\t\t\t\t\t\t<p>Les informations personnelles que vous \u00eates invit\u00e9 \u00e0 fournir, ainsi que les raisons pour lesquelles elles vous sont demand\u00e9es, vous seront clairement indiqu\u00e9es au moment o\u00f9 nous vous les demanderons. Si vous nous contactez directement, nous sommes susceptibles de recevoir des informations compl\u00e9mentaires vous concernant, telles que votre nom, votre adresse e-mail, votre num\u00e9ro de t\u00e9l\u00e9phone, le contenu du message et\/ou des pi\u00e8ces jointes que vous nous envoyez, ainsi que toute autre information que vous pourriez choisir de nous fournir. Lors de la cr\u00e9ation d'un compte, nous pouvons vous demander vos coordonn\u00e9es, notamment votre pr\u00e9nom, votre nom, votre adresse postale, votre adresse e-mail et votre num\u00e9ro de t\u00e9l\u00e9phone.<\/p>\t\t\t\t\t\t\t\t<\/div>\n\t\t\t\t<\/div>\n\t\t\t\t<div class=\"elementor-element elementor-element-066907b elementor-widget elementor-widget-heading\" data-id=\"066907b\" data-element_type=\"widget\" data-e-type=\"widget\" data-widget_type=\"heading.default\">\n\t\t\t\t<div class=\"elementor-widget-container\">\n\t\t\t\t\t<h2 class=\"elementor-heading-title elementor-size-default\">Commentaires<\/h2>\t\t\t\t<\/div>\n\t\t\t\t<\/div>\n\t\t\t\t<div class=\"elementor-element elementor-element-5bd6e66 elementor-widget elementor-widget-text-editor\" data-id=\"5bd6e66\" data-element_type=\"widget\" data-e-type=\"widget\" data-widget_type=\"text-editor.default\">\n\t\t\t\t<div class=\"elementor-widget-container\">\n\t\t\t\t\t\t\t\t\t<p>Lorsqu\u2019un utilisateur publie un commentaire sur notre site Web, nous collectons les informations affich\u00e9es dans la section des commentaires, ainsi que l\u2019adresse IP de l\u2019utilisateur et les d\u00e9tails d\u2019identification du navigateur, afin d\u2019emp\u00eacher toute activit\u00e9 frauduleuse.<\/p><p>Le service Avatar peut demander une version chiffr\u00e9e (hachage) de votre adresse e-mail pour v\u00e9rifier son utilisation. Vous pouvez consulter la politique de confidentialit\u00e9 du service Avatar \u00e0 l'adresse suivante\u00a0: <a href=\"https:\/\/financephantomplatform.net\/fr\/\">https:\/\/financephantomplatform.net\/<\/a>. Une fois approuv\u00e9e, votre photo de profil sera visible par les visiteurs dans la section commentaires.<\/p>\t\t\t\t\t\t\t\t<\/div>\n\t\t\t\t<\/div>\n\t\t\t\t<div class=\"elementor-element elementor-element-d8066a8 elementor-widget elementor-widget-heading\" data-id=\"d8066a8\" data-element_type=\"widget\" data-e-type=\"widget\" data-widget_type=\"heading.default\">\n\t\t\t\t<div class=\"elementor-widget-container\">\n\t\t\t\t\t<h2 class=\"elementor-heading-title elementor-size-default\">M\u00e9dias\n<\/h2>\t\t\t\t<\/div>\n\t\t\t\t<\/div>\n\t\t\t\t<div class=\"elementor-element elementor-element-7dbabe4 elementor-widget elementor-widget-text-editor\" data-id=\"7dbabe4\" data-element_type=\"widget\" data-e-type=\"widget\" data-widget_type=\"text-editor.default\">\n\t\t\t\t<div class=\"elementor-widget-container\">\n\t\t\t\t\t\t\t\t\t<p>Si vous envoyez des images \u00e0 la plateforme de trading Finance Phantom, il est recommand\u00e9 d'\u00e9viter de t\u00e9l\u00e9charger des images contenant des informations g\u00e9ographiques int\u00e9gr\u00e9es (EXIF GPS). En effet, les visiteurs du site peuvent t\u00e9l\u00e9charger et extraire les donn\u00e9es g\u00e9ographiques int\u00e9gr\u00e9es dans ces images.<\/p>\t\t\t\t\t\t\t\t<\/div>\n\t\t\t\t<\/div>\n\t\t\t\t<div class=\"elementor-element elementor-element-d07a167 elementor-widget elementor-widget-heading\" data-id=\"d07a167\" data-element_type=\"widget\" data-e-type=\"widget\" data-widget_type=\"heading.default\">\n\t\t\t\t<div class=\"elementor-widget-container\">\n\t\t\t\t\t<h2 class=\"elementor-heading-title elementor-size-default\">Cookies\n<\/h2>\t\t\t\t<\/div>\n\t\t\t\t<\/div>\n\t\t\t\t<div class=\"elementor-element elementor-element-ac042ad elementor-widget elementor-widget-text-editor\" data-id=\"ac042ad\" data-element_type=\"widget\" data-e-type=\"widget\" data-widget_type=\"text-editor.default\">\n\t\t\t\t<div class=\"elementor-widget-container\">\n\t\t\t\t\t\t\t\t\t<p>Si vous d\u00e9posez un commentaire sur notre plateforme, vous avez la possibilit\u00e9 d'enregistrer votre nom, votre adresse e-mail et votre site web dans des cookies. Cela vous \u00e9vite de devoir saisir \u00e0 nouveau ces informations \u00e0 chaque fois. Les cookies enregistr\u00e9s seront conserv\u00e9s pendant 12 mois.<\/p><p>Lorsque vous acc\u00e9dez \u00e0 notre page de connexion, un cookie temporaire est cr\u00e9\u00e9 pour v\u00e9rifier la compatibilit\u00e9 de votre navigateur avec les cookies. Ce cookie ne stocke aucune information personnelle et sera supprim\u00e9 lorsque vous quitterez le site Web.<\/p><p>Lors de votre connexion, plusieurs cookies seront install\u00e9s pour stocker vos informations de connexion et vos pr\u00e9f\u00e9rences d'affichage. Alors que les cookies li\u00e9s aux pr\u00e9f\u00e9rences visuelles durent un an, les cookies de connexion sont valables deux jours. En s\u00e9lectionnant \u00ab\u00a0Rester connect\u00e9\u00a0\u00bb, vous resterez connect\u00e9 pendant deux semaines. Si vous vous d\u00e9connectez, les cookies de connexion seront supprim\u00e9s.<\/p><p>Si vous modifiez ou publiez un article, un cookie suppl\u00e9mentaire sera enregistr\u00e9 dans votre navigateur. Ce cookie enregistre uniquement l'identifiant de publication du contenu que vous avez r\u00e9cemment modifi\u00e9 ; il ne contient aucune donn\u00e9e personnelle et expire au bout de 24 heures.<\/p>\t\t\t\t\t\t\t\t<\/div>\n\t\t\t\t<\/div>\n\t\t\t\t<div class=\"elementor-element elementor-element-6e5a33f elementor-widget elementor-widget-heading\" data-id=\"6e5a33f\" data-element_type=\"widget\" data-e-type=\"widget\" data-widget_type=\"heading.default\">\n\t\t\t\t<div class=\"elementor-widget-container\">\n\t\t\t\t\t<h2 class=\"elementor-heading-title elementor-size-default\">Contenu provenant de sites externes\n<\/h2>\t\t\t\t<\/div>\n\t\t\t\t<\/div>\n\t\t\t\t<div class=\"elementor-element elementor-element-d0301ba elementor-widget elementor-widget-text-editor\" data-id=\"d0301ba\" data-element_type=\"widget\" data-e-type=\"widget\" data-widget_type=\"text-editor.default\">\n\t\t\t\t<div class=\"elementor-widget-container\">\n\t\t\t\t\t\t\t\t\t<p>Le contenu de ce site Web peut inclure des \u00e9l\u00e9ments int\u00e9gr\u00e9s tels que des images, du texte, des vid\u00e9os, etc. Le contenu int\u00e9gr\u00e9 provenant d'autres sites Web fonctionne exactement comme si vous visitiez ces sites externes.<\/p><p>Ces sites Web externes peuvent collecter des donn\u00e9es vous concernant, utiliser des cookies, mettre en \u0153uvre un suivi par des tiers et surveiller vos interactions avec le contenu int\u00e9gr\u00e9. Si vous avez un compte et \u00eates connect\u00e9 au site Web de la plateforme de trading Finance Phantom, ils peuvent \u00e9galement suivre vos interactions avec ce contenu.<\/p>\t\t\t\t\t\t\t\t<\/div>\n\t\t\t\t<\/div>\n\t\t\t\t<div class=\"elementor-element elementor-element-167e0d9 elementor-widget elementor-widget-heading\" data-id=\"167e0d9\" data-element_type=\"widget\" data-e-type=\"widget\" data-widget_type=\"heading.default\">\n\t\t\t\t<div class=\"elementor-widget-container\">\n\t\t\t\t\t<h2 class=\"elementor-heading-title elementor-size-default\">Partageons-nous vos donn\u00e9es avec d\u2019autres ?<\/h2>\t\t\t\t<\/div>\n\t\t\t\t<\/div>\n\t\t\t\t<div class=\"elementor-element elementor-element-2908c8d elementor-widget elementor-widget-text-editor\" data-id=\"2908c8d\" data-element_type=\"widget\" data-e-type=\"widget\" data-widget_type=\"text-editor.default\">\n\t\t\t\t<div class=\"elementor-widget-container\">\n\t\t\t\t\t\t\t\t\t<p>Si un changement de mot de passe est n\u00e9cessaire, l'adresse IP sera incluse dans l'e-mail.<\/p>\t\t\t\t\t\t\t\t<\/div>\n\t\t\t\t<\/div>\n\t\t\t\t<div class=\"elementor-element elementor-element-5210641 elementor-widget elementor-widget-heading\" data-id=\"5210641\" data-element_type=\"widget\" data-e-type=\"widget\" data-widget_type=\"heading.default\">\n\t\t\t\t<div class=\"elementor-widget-container\">\n\t\t\t\t\t<h2 class=\"elementor-heading-title elementor-size-default\">Quelle est la dur\u00e9e de conservation des donn\u00e9es ?<\/h2>\t\t\t\t<\/div>\n\t\t\t\t<\/div>\n\t\t\t\t<div class=\"elementor-element elementor-element-3e56d82 elementor-widget elementor-widget-text-editor\" data-id=\"3e56d82\" data-element_type=\"widget\" data-e-type=\"widget\" data-widget_type=\"text-editor.default\">\n\t\t\t\t<div class=\"elementor-widget-container\">\n\t\t\t\t\t\t\t\t\t<p>Lorsque vous laissez un avis, celui-ci et les m\u00e9tadonn\u00e9es associ\u00e9es sont conserv\u00e9s ind\u00e9finiment. Cela nous permet de reconna\u00eetre et d'approuver automatiquement tous les commentaires futurs, plut\u00f4t que de les conserver dans une file d'attente de mod\u00e9ration.<\/p><p>Pour les utilisateurs qui s'inscrivent sur notre site Web, nous stockons de mani\u00e8re s\u00e9curis\u00e9e les informations personnelles fournies dans leurs comptes d'utilisateur. Les utilisateurs enregistr\u00e9s ont la possibilit\u00e9 de consulter, de modifier ou de supprimer leurs informations personnelles \u00e0 tout moment, \u00e0 l'exception de leurs noms d'utilisateur. Ces donn\u00e9es sont \u00e9galement accessibles et modifiables par les administrateurs de la plateforme de trading Finance Phantom.<\/p>\t\t\t\t\t\t\t\t<\/div>\n\t\t\t\t<\/div>\n\t\t\t\t<div class=\"elementor-element elementor-element-55b5035 elementor-widget elementor-widget-heading\" data-id=\"55b5035\" data-element_type=\"widget\" data-e-type=\"widget\" data-widget_type=\"heading.default\">\n\t\t\t\t<div class=\"elementor-widget-container\">\n\t\t\t\t\t<h2 class=\"elementor-heading-title elementor-size-default\">Ai-je des droits sur les donn\u00e9es ?\n<\/h2>\t\t\t\t<\/div>\n\t\t\t\t<\/div>\n\t\t\t\t<div class=\"elementor-element elementor-element-a20a46f elementor-widget elementor-widget-text-editor\" data-id=\"a20a46f\" data-element_type=\"widget\" data-e-type=\"widget\" data-widget_type=\"text-editor.default\">\n\t\t\t\t<div class=\"elementor-widget-container\">\n\t\t\t\t\t\t\t\t\t<p>Si vous poss\u00e9dez un compte sur la plateforme de trading Finance Phantom ou si vous avez d\u00e9j\u00e0 laiss\u00e9 des commentaires, vous avez le droit de demander une copie des informations personnelles que nous avons dans nos dossiers \u00e0 votre sujet. Cela inclut toute information que vous nous avez explicitement fournie. Vous pouvez \u00e9galement demander la suppression de toute information sensible que nous d\u00e9tenons \u00e0 votre sujet. Cependant, cela n'inclut pas les donn\u00e9es que nous sommes tenus de conserver \u00e0 des fins administratives, juridiques ou de s\u00e9curit\u00e9.<\/p>\t\t\t\t\t\t\t\t<\/div>\n\t\t\t\t<\/div>\n\t\t\t\t<div class=\"elementor-element elementor-element-9b9a2e5 elementor-widget elementor-widget-heading\" data-id=\"9b9a2e5\" data-element_type=\"widget\" data-e-type=\"widget\" data-widget_type=\"heading.default\">\n\t\t\t\t<div class=\"elementor-widget-container\">\n\t\t\t\t\t<h2 class=\"elementor-heading-title elementor-size-default\">Les donn\u00e9es sont-elles envoy\u00e9es n'importe o\u00f9\n<\/h2>\t\t\t\t<\/div>\n\t\t\t\t<\/div>\n\t\t\t\t<div class=\"elementor-element elementor-element-66b3949 elementor-widget elementor-widget-text-editor\" data-id=\"66b3949\" data-element_type=\"widget\" data-e-type=\"widget\" data-widget_type=\"text-editor.default\">\n\t\t\t\t<div class=\"elementor-widget-container\">\n\t\t\t\t\t\t\t\t\t<p>Les commentaires des visiteurs seront soumis \u00e0 un processus de v\u00e9rification en utilisant le syst\u00e8me de d\u00e9tection de spam.<\/p>\t\t\t\t\t\t\t\t<\/div>\n\t\t\t\t<\/div>\n\t\t\t\t<div class=\"elementor-element elementor-element-2e9177c elementor-widget elementor-widget-heading\" data-id=\"2e9177c\" data-element_type=\"widget\" data-e-type=\"widget\" data-widget_type=\"heading.default\">\n\t\t\t\t<div class=\"elementor-widget-container\">\n\t\t\t\t\t<h2 class=\"elementor-heading-title elementor-size-default\">Contactez-nous<\/h2>\t\t\t\t<\/div>\n\t\t\t\t<\/div>\n\t\t\t\t<div class=\"elementor-element elementor-element-c471760 elementor-widget elementor-widget-text-editor\" data-id=\"c471760\" data-element_type=\"widget\" data-e-type=\"widget\" data-widget_type=\"text-editor.default\">\n\t\t\t\t<div class=\"elementor-widget-container\">\n\t\t\t\t\t\t\t\t\t<p>Pour toute question, pr\u00e9occupation ou demande relative \u00e0 votre vie priv\u00e9e, veuillez contacter :\u00a0 <a href=\"mailto:support@financephantomplatform.net\">support@financephantomplatform.net<\/a><\/p>\t\t\t\t\t\t\t\t<\/div>\n\t\t\t\t<\/div>\n\t\t\t\t<div class=\"elementor-element elementor-element-0beafa3 elementor-widget elementor-widget-spacer\" data-id=\"0beafa3\" data-element_type=\"widget\" data-e-type=\"widget\" data-widget_type=\"spacer.default\">\n\t\t\t\t<div class=\"elementor-widget-container\">\n\t\t\t\t\t\t\t<div class=\"elementor-spacer\">\n\t\t\t<div class=\"elementor-spacer-inner\"><\/div>\n\t\t<\/div>\n\t\t\t\t\t\t<\/div>\n\t\t\t\t<\/div>\n\t\t\t\t\t<\/div>\n\t\t\t\t<\/div>\n\t\t\t\t<\/div>","protected":false},"excerpt":{"rendered":"<p>Privacy Policy A Short Introduction Access our website through the: https:\/\/financephantomplatform.net\/ Information We Collect The personal information that you are asked to provide, and the reasons why you are asked to provide it, will be made clear to you at the point we ask you to provide your personal information. If you contact us directly, [&hellip;]<\/p>\n","protected":false},"author":1,"featured_media":0,"parent":0,"menu_order":0,"comment_status":"closed","ping_status":"closed","template":"","meta":{"footnotes":""},"class_list":["post-266","page","type-page","status-publish","hentry"],"_links":{"self":[{"href":"https:\/\/financephantomplatform.net\/fr\/wp-json\/wp\/v2\/pages\/266","targetHints":{"allow":["GET"]}}],"collection":[{"href":"https:\/\/financephantomplatform.net\/fr\/wp-json\/wp\/v2\/pages"}],"about":[{"href":"https:\/\/financephantomplatform.net\/fr\/wp-json\/wp\/v2\/types\/page"}],"author":[{"embeddable":true,"href":"https:\/\/financephantomplatform.net\/fr\/wp-json\/wp\/v2\/users\/1"}],"replies":[{"embeddable":true,"href":"https:\/\/financephantomplatform.net\/fr\/wp-json\/wp\/v2\/comments?post=266"}],"version-history":[{"count":0,"href":"https:\/\/financephantomplatform.net\/fr\/wp-json\/wp\/v2\/pages\/266\/revisions"}],"wp:attachment":[{"href":"https:\/\/financephantomplatform.net\/fr\/wp-json\/wp\/v2\/media?parent=266"}],"curies":[{"name":"wp","href":"https:\/\/api.w.org\/{rel}","templated":true}]}}