{"id":310,"date":"2024-08-21T07:44:40","date_gmt":"2024-08-21T07:44:40","guid":{"rendered":"https:\/\/financephantomplatform.net\/?page_id=310"},"modified":"2026-04-10T11:43:07","modified_gmt":"2026-04-10T11:43:07","slug":"merci","status":"publish","type":"page","link":"https:\/\/financephantomplatform.net\/fr\/thank-you\/","title":{"rendered":"Thank You"},"content":{"rendered":"<div data-elementor-type=\"wp-page\" data-elementor-id=\"310\" class=\"elementor elementor-310\" data-elementor-post-type=\"page\">\n\t\t\t\t<div class=\"elementor-element elementor-element-21cc3dc e-flex e-con-boxed e-con e-parent\" data-id=\"21cc3dc\" data-element_type=\"container\" data-e-type=\"container\" data-settings=\"{&quot;background_background&quot;:&quot;video&quot;,&quot;background_video_link&quot;:&quot;https:\\\/\\\/financephantomplatform.net\\\/wp-content\\\/uploads\\\/2024\\\/10\\\/file.mp4&quot;,&quot;background_play_on_mobile&quot;:&quot;yes&quot;}\">\n\t\t\t\t\t<div class=\"e-con-inner\">\n\t\t<div class=\"elementor-background-video-container\">\n\t\t\t\t\t\t\t<video class=\"elementor-background-video-hosted\" role=\"presentation\" autoplay muted playsinline loop><\/video>\n\t\t\t\t\t<\/div>\t\t<div class=\"elementor-element elementor-element-7b37430 elementor-widget elementor-widget-heading\" data-id=\"7b37430\" data-element_type=\"widget\" data-e-type=\"widget\" data-widget_type=\"heading.default\">\n\t\t\t\t<div class=\"elementor-widget-container\">\n\t\t\t\t\t<h1 class=\"elementor-heading-title elementor-size-default\">\nMerci pour votre inscription !<\/h1>\t\t\t\t<\/div>\n\t\t\t\t<\/div>\n\t\t\t\t<div class=\"elementor-element elementor-element-437f7f6 elementor-widget elementor-widget-text-editor\" data-id=\"437f7f6\" data-element_type=\"widget\" data-e-type=\"widget\" data-widget_type=\"text-editor.default\">\n\t\t\t\t<div class=\"elementor-widget-container\">\n\t\t\t\t\t\t\t\t\t<p>Nous sommes ravis de vous compter parmi nous ! Afin de vous offrir le meilleur service possible, nous vous demandons de bien vouloir vous assurer que votre t\u00e9l\u00e9phone est disponible pour un appel. Nous devrons peut-\u00eatre vous contacter pour obtenir de plus amples informations ou pour discuter des d\u00e9tails de votre inscription.<\/p><p>Soyez assur\u00e9 que nous vous contacterons bient\u00f4t pour vous r\u00e9pondre \u00e0 toutes vos questions ou pr\u00e9occupations. Nous appr\u00e9cions votre participation et nous engageons \u00e0 rendre votre exp\u00e9rience avec nous exceptionnelle.<\/p><p>Merci encore une fois de votre inscription et nous avons h\u00e2te de vous parler bient\u00f4t !<\/p>\t\t\t\t\t\t\t\t<\/div>\n\t\t\t\t<\/div>\n\t\t\t\t<div class=\"elementor-element elementor-element-50ae2c8 elementor-widget elementor-widget-button\" data-id=\"50ae2c8\" data-element_type=\"widget\" data-e-type=\"widget\" data-widget_type=\"button.default\">\n\t\t\t\t<div class=\"elementor-widget-container\">\n\t\t\t\t\t\t\t\t\t<div class=\"elementor-button-wrapper\">\n\t\t\t\t\t<a class=\"elementor-button elementor-button-link elementor-size-sm\" href=\"https:\/\/financephantomplatform.net\/fr\">\n\t\t\t\t\t\t<span class=\"elementor-button-content-wrapper\">\n\t\t\t\t\t\t\t\t\t<span class=\"elementor-button-text\">Retour \u00e0 l'accueil<\/span>\n\t\t\t\t\t<\/span>\n\t\t\t\t\t<\/a>\n\t\t\t\t<\/div>\n\t\t\t\t\t\t\t\t<\/div>\n\t\t\t\t<\/div>\n\t\t\t\t\t<\/div>\n\t\t\t\t<\/div>\n\t\t\t\t<\/div>","protected":false},"excerpt":{"rendered":"<p>Thank you for your registration! We\u2019re excited to have you on board! In order to provide you with the best possible service, we kindly ask that you ensure your phone is available for a call. We may need to reach out to you for further information or to discuss your registration details. Rest assured, we\u2019ll [&hellip;]<\/p>\n","protected":false},"author":1,"featured_media":0,"parent":0,"menu_order":0,"comment_status":"closed","ping_status":"closed","template":"","meta":{"footnotes":""},"class_list":["post-310","page","type-page","status-publish","hentry"],"_links":{"self":[{"href":"https:\/\/financephantomplatform.net\/fr\/wp-json\/wp\/v2\/pages\/310","targetHints":{"allow":["GET"]}}],"collection":[{"href":"https:\/\/financephantomplatform.net\/fr\/wp-json\/wp\/v2\/pages"}],"about":[{"href":"https:\/\/financephantomplatform.net\/fr\/wp-json\/wp\/v2\/types\/page"}],"author":[{"embeddable":true,"href":"https:\/\/financephantomplatform.net\/fr\/wp-json\/wp\/v2\/users\/1"}],"replies":[{"embeddable":true,"href":"https:\/\/financephantomplatform.net\/fr\/wp-json\/wp\/v2\/comments?post=310"}],"version-history":[{"count":3,"href":"https:\/\/financephantomplatform.net\/fr\/wp-json\/wp\/v2\/pages\/310\/revisions"}],"predecessor-version":[{"id":1935,"href":"https:\/\/financephantomplatform.net\/fr\/wp-json\/wp\/v2\/pages\/310\/revisions\/1935"}],"wp:attachment":[{"href":"https:\/\/financephantomplatform.net\/fr\/wp-json\/wp\/v2\/media?parent=310"}],"curies":[{"name":"wp","href":"https:\/\/api.w.org\/{rel}","templated":true}]}}