{"id":14,"date":"2024-08-20T10:06:48","date_gmt":"2024-08-20T10:06:48","guid":{"rendered":"https:\/\/financephantomplatform.net\/?page_id=14"},"modified":"2025-12-16T06:20:29","modified_gmt":"2025-12-16T06:20:29","slug":"sobre-nos","status":"publish","type":"page","link":"https:\/\/financephantomplatform.net\/pt\/about-us\/","title":{"rendered":"Sobre n\u00f3s"},"content":{"rendered":"<div data-elementor-type=\"wp-page\" data-elementor-id=\"14\" class=\"elementor elementor-14\" data-elementor-post-type=\"page\">\n\t\t\t\t<div class=\"elementor-element elementor-element-ec519e5 e-flex e-con-boxed e-con e-parent\" data-id=\"ec519e5\" data-element_type=\"container\" data-e-type=\"container\" data-settings=\"{&quot;background_background&quot;:&quot;classic&quot;}\">\n\t\t\t\t\t<div class=\"e-con-inner\">\n\t\t\t\t<div class=\"elementor-element elementor-element-7a967a9 elementor-widget elementor-widget-heading\" data-id=\"7a967a9\" data-element_type=\"widget\" data-e-type=\"widget\" data-widget_type=\"heading.default\">\n\t\t\t\t<div class=\"elementor-widget-container\">\n\t\t\t\t\t<h1 class=\"elementor-heading-title elementor-size-default\">Plataforma Fantasma Financeira - Sobre N\u00f3s<\/h1>\t\t\t\t<\/div>\n\t\t\t\t<\/div>\n\t\t\t\t\t<\/div>\n\t\t\t\t<\/div>\n\t\t<div class=\"elementor-element elementor-element-3f9f49b e-flex e-con-boxed e-con e-parent\" data-id=\"3f9f49b\" data-element_type=\"container\" data-e-type=\"container\">\n\t\t\t\t\t<div class=\"e-con-inner\">\n\t\t<div class=\"elementor-element elementor-element-3d0f766 e-con-full e-flex e-con e-child\" data-id=\"3d0f766\" data-element_type=\"container\" data-e-type=\"container\">\n\t\t<div class=\"elementor-element elementor-element-e1412f4 e-con-full e-flex e-con e-child\" data-id=\"e1412f4\" data-element_type=\"container\" data-e-type=\"container\">\n\t\t\t\t<div class=\"elementor-element elementor-element-637a166 elementor-widget__width-initial elementor-widget elementor-widget-heading\" data-id=\"637a166\" data-element_type=\"widget\" data-e-type=\"widget\" data-widget_type=\"heading.default\">\n\t\t\t\t<div class=\"elementor-widget-container\">\n\t\t\t\t\t<h2 class=\"elementor-heading-title elementor-size-default\">O que \u00e9 a Finance Phantom Platform Trading?<\/h2>\t\t\t\t<\/div>\n\t\t\t\t<\/div>\n\t\t\t\t<\/div>\n\t\t<div class=\"elementor-element elementor-element-87537d2 e-con-full e-flex e-con e-child\" data-id=\"87537d2\" data-element_type=\"container\" data-e-type=\"container\">\n\t\t\t\t<div class=\"elementor-element elementor-element-dfbf410 elementor-widget elementor-widget-text-editor\" data-id=\"dfbf410\" data-element_type=\"widget\" data-e-type=\"widget\" data-widget_type=\"text-editor.default\">\n\t\t\t\t<div class=\"elementor-widget-container\">\n\t\t\t\t\t\t\t\t\t<p>Apresentando a plataforma de negocia\u00e7\u00e3o Finance Phantom, uma escolha l\u00edder dentro da comunidade de negocia\u00e7\u00e3o de criptomoedas. Reconhecida por sua impressionante variedade de recursos, nossa plataforma \u00e9 projetada para traders de todos os n\u00edveis de experi\u00eancia, proporcionando uma experi\u00eancia de negocia\u00e7\u00e3o perfeita.<\/p><p>Desbloqueie todos os recursos e aproveite os benef\u00edcios excepcionais que nossa plataforma oferece. Diga adeus \u00e0s plataformas de negocia\u00e7\u00e3o convencionais e ultrapassadas que apenas facilitam as negocia\u00e7\u00f5es e adote uma plataforma avan\u00e7ada e poderosa que permite que voc\u00ea negocie com precis\u00e3o e l\u00f3gica por meio de recursos inovadores.<\/p><p>Mas a plataforma de negocia\u00e7\u00e3o Finance Phantom \u00e9 mais do que apenas um lugar para negociar criptomoedas. \u00c9 uma comunidade vibrante de indiv\u00edduos com ideias semelhantes que compartilham sua paix\u00e3o por negocia\u00e7\u00e3o de criptomoedas.<\/p><p>Fa\u00e7a negocia\u00e7\u00f5es mais inteligentes com a plataforma Finance Phantom, que analisa meticulosamente os movimentos do mercado e executa negocia\u00e7\u00f5es automatizadas em menos de uma fra\u00e7\u00e3o de segundo \u2014 muito mais r\u00e1pido do que os concorrentes. Com esta plataforma \u00e0 sua disposi\u00e7\u00e3o, voc\u00ea pode aproveitar o poder da tecnologia de IA para negocia\u00e7\u00e3o de criptomoedas. Junte-se a n\u00f3s hoje e descubra o que nos diferencia de outras plataformas de negocia\u00e7\u00e3o!<\/p>\t\t\t\t\t\t\t\t<\/div>\n\t\t\t\t<\/div>\n\t\t\t\t<\/div>\n\t\t\t\t<\/div>\n\t\t\t\t\t<\/div>\n\t\t\t\t<\/div>\n\t\t<div class=\"elementor-element elementor-element-6e7f71c e-con-full e-flex e-con e-parent\" data-id=\"6e7f71c\" data-element_type=\"container\" data-e-type=\"container\">\n\t\t<div class=\"elementor-element elementor-element-b3756fb e-con-full elementor-hidden-mobile e-flex e-con e-child\" data-id=\"b3756fb\" data-element_type=\"container\" data-e-type=\"container\" data-settings=\"{&quot;background_background&quot;:&quot;classic&quot;}\">\n\t\t\t\t<\/div>\n\t\t<div class=\"elementor-element elementor-element-42ab4d3 e-con-full e-flex e-con e-child\" data-id=\"42ab4d3\" data-element_type=\"container\" data-e-type=\"container\" data-settings=\"{&quot;background_background&quot;:&quot;classic&quot;}\">\n\t\t\t\t<div class=\"elementor-element elementor-element-729e47a elementor-widget__width-initial elementor-widget-tablet__width-inherit elementor-widget elementor-widget-heading\" data-id=\"729e47a\" data-element_type=\"widget\" data-e-type=\"widget\" data-widget_type=\"heading.default\">\n\t\t\t\t<div class=\"elementor-widget-container\">\n\t\t\t\t\t<h2 class=\"elementor-heading-title elementor-size-default\">Vantagens da plataforma de negocia\u00e7\u00e3o Finance Phantom<\/h2>\t\t\t\t<\/div>\n\t\t\t\t<\/div>\n\t\t\t\t<div class=\"elementor-element elementor-element-67161fc elementor-widget__width-initial elementor-widget-tablet__width-inherit elementor-widget elementor-widget-text-editor\" data-id=\"67161fc\" data-element_type=\"widget\" data-e-type=\"widget\" data-widget_type=\"text-editor.default\">\n\t\t\t\t<div class=\"elementor-widget-container\">\n\t\t\t\t\t\t\t\t\t<p>A plataforma de negocia\u00e7\u00e3o Finance Phantom utiliza estat\u00edsticas, l\u00f3gica e algoritmos matem\u00e1ticos para minimizar os riscos associados \u00e0 tomada de decis\u00f5es emocionais. Ela conduz an\u00e1lises t\u00e9cnicas e fundamentais completas reunindo e analisando habilmente dados de mercado em tempo real, tornando suas atividades de negocia\u00e7\u00e3o mais simplificadas e menos problem\u00e1ticas.<\/p><p>A plataforma tamb\u00e9m apresenta uma fun\u00e7\u00e3o de backtesting, permitindo que voc\u00ea avalie suas configura\u00e7\u00f5es em rela\u00e7\u00e3o a movimentos de mercado passados. Esta ferramenta ajuda a garantir que suas configura\u00e7\u00f5es escolhidas otimizem a lucratividade e produzam os melhores resultados.<\/p><p>Com a plataforma de negocia\u00e7\u00e3o Finance Phantom, os traders podem optar por modos de negocia\u00e7\u00e3o autom\u00e1ticos ou manuais. Nosso objetivo \u00e9 atender aos traders com base em seu n\u00edvel de habilidade, disponibilidade, estilo de negocia\u00e7\u00e3o ou interesse. Al\u00e9m disso, voc\u00ea pode criar v\u00e1rias contas, testar v\u00e1rias estrat\u00e9gias e explorar uma gama de possibilidades com esta plataforma vers\u00e1til.<\/p>\t\t\t\t\t\t\t\t<\/div>\n\t\t\t\t<\/div>\n\t\t\t\t<\/div>\n\t\t\t\t<\/div>\n\t\t<div class=\"elementor-element elementor-element-4bfe477 e-con-full elementor-hidden-desktop elementor-hidden-tablet e-flex e-con e-parent\" data-id=\"4bfe477\" data-element_type=\"container\" data-e-type=\"container\">\n\t\t<div class=\"elementor-element elementor-element-69e5aac e-con-full e-flex e-con e-child\" data-id=\"69e5aac\" data-element_type=\"container\" data-e-type=\"container\" data-settings=\"{&quot;background_background&quot;:&quot;classic&quot;}\">\n\t\t\t\t<div class=\"elementor-element elementor-element-c03bd83 elementor-widget elementor-widget-spacer\" data-id=\"c03bd83\" data-element_type=\"widget\" data-e-type=\"widget\" data-widget_type=\"spacer.default\">\n\t\t\t\t<div class=\"elementor-widget-container\">\n\t\t\t\t\t\t\t<div class=\"elementor-spacer\">\n\t\t\t<div class=\"elementor-spacer-inner\"><\/div>\n\t\t<\/div>\n\t\t\t\t\t\t<\/div>\n\t\t\t\t<\/div>\n\t\t\t\t<\/div>\n\t\t<div class=\"elementor-element elementor-element-480ebad e-con-full elementor-hidden-mobile e-flex e-con e-child\" data-id=\"480ebad\" data-element_type=\"container\" data-e-type=\"container\" data-settings=\"{&quot;background_background&quot;:&quot;classic&quot;}\">\n\t\t\t\t<div class=\"elementor-element elementor-element-b7f6332 elementor-widget__width-initial elementor-widget-tablet__width-inherit elementor-widget elementor-widget-heading\" data-id=\"b7f6332\" data-element_type=\"widget\" data-e-type=\"widget\" data-widget_type=\"heading.default\">\n\t\t\t\t<div class=\"elementor-widget-container\">\n\t\t\t\t\t<h2 class=\"elementor-heading-title elementor-size-default\">Vantagens da plataforma de negocia\u00e7\u00e3o Finance Phantom<\/h2>\t\t\t\t<\/div>\n\t\t\t\t<\/div>\n\t\t\t\t<div class=\"elementor-element elementor-element-3c594f8 elementor-widget__width-initial elementor-widget-tablet__width-inherit elementor-widget elementor-widget-text-editor\" data-id=\"3c594f8\" data-element_type=\"widget\" data-e-type=\"widget\" data-widget_type=\"text-editor.default\">\n\t\t\t\t<div class=\"elementor-widget-container\">\n\t\t\t\t\t\t\t\t\t<p>A plataforma de negocia\u00e7\u00e3o Finance Phantom utiliza estat\u00edsticas, l\u00f3gica e algoritmos matem\u00e1ticos para minimizar os riscos associados \u00e0 tomada de decis\u00f5es emocionais. Ela conduz an\u00e1lises t\u00e9cnicas e fundamentais completas reunindo e analisando habilmente dados de mercado em tempo real, tornando suas atividades de negocia\u00e7\u00e3o mais simplificadas e menos problem\u00e1ticas.<\/p><p>A plataforma tamb\u00e9m apresenta uma fun\u00e7\u00e3o de backtesting, permitindo que voc\u00ea avalie suas configura\u00e7\u00f5es em rela\u00e7\u00e3o a movimentos de mercado passados. Esta ferramenta ajuda a garantir que suas configura\u00e7\u00f5es escolhidas otimizem a lucratividade e produzam os melhores resultados.<\/p><p>Com a plataforma de negocia\u00e7\u00e3o Finance Phantom, os traders podem optar por modos de negocia\u00e7\u00e3o autom\u00e1ticos ou manuais. Nosso objetivo \u00e9 atender aos traders com base em seu n\u00edvel de habilidade, disponibilidade, estilo de negocia\u00e7\u00e3o ou interesse. Al\u00e9m disso, voc\u00ea pode criar v\u00e1rias contas, testar v\u00e1rias estrat\u00e9gias e explorar uma gama de possibilidades com esta plataforma vers\u00e1til.<\/p>\t\t\t\t\t\t\t\t<\/div>\n\t\t\t\t<\/div>\n\t\t\t\t<\/div>\n\t\t\t\t<\/div>\n\t\t\t\t<\/div>","protected":false},"excerpt":{"rendered":"<p>Finance Phantom Platform &#8211; About Us What is Finance Phantom Platform Trading? Introducing the Finance Phantom trading platform, a leading choice within the crypto trading community. Renowned for its impressive array of features, our platform is designed for traders of all experience levels, delivering a seamless trading experience. Unlock all the features and take advantage [&hellip;]<\/p>\n","protected":false},"author":1,"featured_media":0,"parent":0,"menu_order":0,"comment_status":"closed","ping_status":"closed","template":"","meta":{"footnotes":""},"class_list":["post-14","page","type-page","status-publish","hentry"],"_links":{"self":[{"href":"https:\/\/financephantomplatform.net\/pt\/wp-json\/wp\/v2\/pages\/14","targetHints":{"allow":["GET"]}}],"collection":[{"href":"https:\/\/financephantomplatform.net\/pt\/wp-json\/wp\/v2\/pages"}],"about":[{"href":"https:\/\/financephantomplatform.net\/pt\/wp-json\/wp\/v2\/types\/page"}],"author":[{"embeddable":true,"href":"https:\/\/financephantomplatform.net\/pt\/wp-json\/wp\/v2\/users\/1"}],"replies":[{"embeddable":true,"href":"https:\/\/financephantomplatform.net\/pt\/wp-json\/wp\/v2\/comments?post=14"}],"version-history":[{"count":0,"href":"https:\/\/financephantomplatform.net\/pt\/wp-json\/wp\/v2\/pages\/14\/revisions"}],"wp:attachment":[{"href":"https:\/\/financephantomplatform.net\/pt\/wp-json\/wp\/v2\/media?parent=14"}],"curies":[{"name":"wp","href":"https:\/\/api.w.org\/{rel}","templated":true}]}}