{"id":266,"date":"2024-08-21T07:11:47","date_gmt":"2024-08-21T07:11:47","guid":{"rendered":"https:\/\/financephantomplatform.net\/?page_id=266"},"modified":"2025-05-05T07:40:13","modified_gmt":"2025-05-05T07:40:13","slug":"politica-de-privacidade","status":"publish","type":"page","link":"https:\/\/financephantomplatform.net\/pt\/privacy-policy\/","title":{"rendered":"pol\u00edtica de Privacidade"},"content":{"rendered":"<div data-elementor-type=\"wp-page\" data-elementor-id=\"266\" class=\"elementor elementor-266\" data-elementor-post-type=\"page\">\n\t\t\t\t<div class=\"elementor-element elementor-element-aa58b49 e-flex e-con-boxed e-con e-parent\" data-id=\"aa58b49\" data-element_type=\"container\" data-e-type=\"container\" data-settings=\"{&quot;background_background&quot;:&quot;classic&quot;}\">\n\t\t\t\t\t<div class=\"e-con-inner\">\n\t\t\t\t<div class=\"elementor-element elementor-element-babb5dd elementor-widget elementor-widget-heading\" data-id=\"babb5dd\" data-element_type=\"widget\" data-e-type=\"widget\" data-widget_type=\"heading.default\">\n\t\t\t\t<div class=\"elementor-widget-container\">\n\t\t\t\t\t<h1 class=\"elementor-heading-title elementor-size-default\">pol\u00edtica de Privacidade<\/h1>\t\t\t\t<\/div>\n\t\t\t\t<\/div>\n\t\t\t\t\t<\/div>\n\t\t\t\t<\/div>\n\t\t<div class=\"elementor-element elementor-element-3eb8918 e-flex e-con-boxed e-con e-parent\" data-id=\"3eb8918\" data-element_type=\"container\" data-e-type=\"container\">\n\t\t\t\t\t<div class=\"e-con-inner\">\n\t\t\t\t<div class=\"elementor-element elementor-element-122e432 elementor-widget elementor-widget-spacer\" data-id=\"122e432\" data-element_type=\"widget\" data-e-type=\"widget\" data-widget_type=\"spacer.default\">\n\t\t\t\t<div class=\"elementor-widget-container\">\n\t\t\t\t\t\t\t<div class=\"elementor-spacer\">\n\t\t\t<div class=\"elementor-spacer-inner\"><\/div>\n\t\t<\/div>\n\t\t\t\t\t\t<\/div>\n\t\t\t\t<\/div>\n\t\t\t\t<div class=\"elementor-element elementor-element-38ff38c elementor-widget elementor-widget-heading\" data-id=\"38ff38c\" data-element_type=\"widget\" data-e-type=\"widget\" data-widget_type=\"heading.default\">\n\t\t\t\t<div class=\"elementor-widget-container\">\n\t\t\t\t\t<h2 class=\"elementor-heading-title elementor-size-default\">Uma breve introdu\u00e7\u00e3o<\/h2>\t\t\t\t<\/div>\n\t\t\t\t<\/div>\n\t\t\t\t<div class=\"elementor-element elementor-element-4b08d51 elementor-widget elementor-widget-text-editor\" data-id=\"4b08d51\" data-element_type=\"widget\" data-e-type=\"widget\" data-widget_type=\"text-editor.default\">\n\t\t\t\t<div class=\"elementor-widget-container\">\n\t\t\t\t\t\t\t\t\t<p>Acesse nosso site atrav\u00e9s de: <a href=\"https:\/\/financephantomplatform.net\/pt\/\">https:\/\/financephantomplatform.net\/<\/a><\/p>\t\t\t\t\t\t\t\t<\/div>\n\t\t\t\t<\/div>\n\t\t\t\t<div class=\"elementor-element elementor-element-230181d elementor-widget elementor-widget-heading\" data-id=\"230181d\" data-element_type=\"widget\" data-e-type=\"widget\" data-widget_type=\"heading.default\">\n\t\t\t\t<div class=\"elementor-widget-container\">\n\t\t\t\t\t<h2 class=\"elementor-heading-title elementor-size-default\">Informa\u00e7\u00f5es que recolhemos<\/h2>\t\t\t\t<\/div>\n\t\t\t\t<\/div>\n\t\t\t\t<div class=\"elementor-element elementor-element-3e74fcd elementor-widget elementor-widget-text-editor\" data-id=\"3e74fcd\" data-element_type=\"widget\" data-e-type=\"widget\" data-widget_type=\"text-editor.default\">\n\t\t\t\t<div class=\"elementor-widget-container\">\n\t\t\t\t\t\t\t\t\t<p>As informa\u00e7\u00f5es pessoais que lhe forem solicitadas e os motivos pelos quais lhe ser\u00e1 pedido que as forne\u00e7a ser\u00e3o esclarecidos no momento em que lhe solicitarmos que forne\u00e7a as suas informa\u00e7\u00f5es pessoais. Se nos contactar diretamente, poderemos receber informa\u00e7\u00f5es adicionais sobre si, tais como o seu nome, endere\u00e7o de e-mail, n\u00famero de telefone, o conte\u00fado da mensagem e\/ou anexos que nos enviar e qualquer outra informa\u00e7\u00e3o que decida fornecer. Quando regista uma conta, podemos solicitar as suas informa\u00e7\u00f5es de contacto, incluindo itens como o nome, apelido, morada, endere\u00e7o de e-mail e telefone.<\/p>\t\t\t\t\t\t\t\t<\/div>\n\t\t\t\t<\/div>\n\t\t\t\t<div class=\"elementor-element elementor-element-066907b elementor-widget elementor-widget-heading\" data-id=\"066907b\" data-element_type=\"widget\" data-e-type=\"widget\" data-widget_type=\"heading.default\">\n\t\t\t\t<div class=\"elementor-widget-container\">\n\t\t\t\t\t<h2 class=\"elementor-heading-title elementor-size-default\">Coment\u00e1rios<\/h2>\t\t\t\t<\/div>\n\t\t\t\t<\/div>\n\t\t\t\t<div class=\"elementor-element elementor-element-5bd6e66 elementor-widget elementor-widget-text-editor\" data-id=\"5bd6e66\" data-element_type=\"widget\" data-e-type=\"widget\" data-widget_type=\"text-editor.default\">\n\t\t\t\t<div class=\"elementor-widget-container\">\n\t\t\t\t\t\t\t\t\t<p>Quando um usu\u00e1rio publica um coment\u00e1rio em nosso site, coletamos as informa\u00e7\u00f5es exibidas na se\u00e7\u00e3o de coment\u00e1rios, juntamente com o endere\u00e7o IP do usu\u00e1rio e os detalhes de identifica\u00e7\u00e3o do navegador, para evitar qualquer atividade fraudulenta.<\/p><p>O servi\u00e7o Avatar pode solicitar uma vers\u00e3o criptografada (hash) do seu endere\u00e7o de e-mail para verificar seu uso. Voc\u00ea pode visualizar a pol\u00edtica de privacidade do servi\u00e7o Avatar em: <a href=\"https:\/\/financephantomplatform.net\/pt\/\">https:\/\/financephantomplatform.net\/<\/a>. Ap\u00f3s aprovada, sua foto de perfil ficar\u00e1 vis\u00edvel para os visitantes na se\u00e7\u00e3o de coment\u00e1rios.<\/p>\t\t\t\t\t\t\t\t<\/div>\n\t\t\t\t<\/div>\n\t\t\t\t<div class=\"elementor-element elementor-element-d8066a8 elementor-widget elementor-widget-heading\" data-id=\"d8066a8\" data-element_type=\"widget\" data-e-type=\"widget\" data-widget_type=\"heading.default\">\n\t\t\t\t<div class=\"elementor-widget-container\">\n\t\t\t\t\t<h2 class=\"elementor-heading-title elementor-size-default\">M\u00eddia\n<\/h2>\t\t\t\t<\/div>\n\t\t\t\t<\/div>\n\t\t\t\t<div class=\"elementor-element elementor-element-7dbabe4 elementor-widget elementor-widget-text-editor\" data-id=\"7dbabe4\" data-element_type=\"widget\" data-e-type=\"widget\" data-widget_type=\"text-editor.default\">\n\t\t\t\t<div class=\"elementor-widget-container\">\n\t\t\t\t\t\t\t\t\t<p>Se voc\u00ea estiver enviando alguma imagem para a plataforma de negocia\u00e7\u00e3o Finance Phantom, \u00e9 recomendado evitar carregar imagens com informa\u00e7\u00f5es geogr\u00e1ficas incorporadas (EXIF GPS). Isso ocorre porque os visitantes do site podem baixar e extrair os dados geogr\u00e1ficos incorporados nessas imagens.<\/p>\t\t\t\t\t\t\t\t<\/div>\n\t\t\t\t<\/div>\n\t\t\t\t<div class=\"elementor-element elementor-element-d07a167 elementor-widget elementor-widget-heading\" data-id=\"d07a167\" data-element_type=\"widget\" data-e-type=\"widget\" data-widget_type=\"heading.default\">\n\t\t\t\t<div class=\"elementor-widget-container\">\n\t\t\t\t\t<h2 class=\"elementor-heading-title elementor-size-default\">Biscoitos\n<\/h2>\t\t\t\t<\/div>\n\t\t\t\t<\/div>\n\t\t\t\t<div class=\"elementor-element elementor-element-ac042ad elementor-widget elementor-widget-text-editor\" data-id=\"ac042ad\" data-element_type=\"widget\" data-e-type=\"widget\" data-widget_type=\"text-editor.default\">\n\t\t\t\t<div class=\"elementor-widget-container\">\n\t\t\t\t\t\t\t\t\t<p>Se voc\u00ea deixar um coment\u00e1rio em nossa plataforma, voc\u00ea tem a op\u00e7\u00e3o de salvar seu nome, endere\u00e7o de e-mail e site em cookies. Isso lhe poupa o trabalho de reinserir essas informa\u00e7\u00f5es toda vez. Os cookies salvos ser\u00e3o retidos por 12 meses.<\/p><p>Ao acessar nossa p\u00e1gina de login, um cookie tempor\u00e1rio ser\u00e1 criado para verificar a compatibilidade do seu navegador com cookies. Este cookie n\u00e3o armazena nenhuma informa\u00e7\u00e3o pessoal e ser\u00e1 exclu\u00eddo quando voc\u00ea sair do site.<\/p><p>Ao efetuar login, v\u00e1rios cookies ser\u00e3o configurados para armazenar suas informa\u00e7\u00f5es de login e prefer\u00eancias de exibi\u00e7\u00e3o. Enquanto os cookies relacionados a prefer\u00eancias visuais duram um ano, os cookies de login s\u00e3o v\u00e1lidos por dois dias. Selecionar \u201cManter-me conectado\u201d manter\u00e1 voc\u00ea conectado por duas semanas. Se voc\u00ea efetuar logout, os cookies de login ser\u00e3o removidos.<\/p><p>Se voc\u00ea editar ou publicar um post, um cookie adicional ser\u00e1 salvo no seu navegador. Este cookie registra apenas o ID do post do conte\u00fado que voc\u00ea editou recentemente; ele n\u00e3o cont\u00e9m nenhum dado pessoal e expira ap\u00f3s 24 horas.<\/p>\t\t\t\t\t\t\t\t<\/div>\n\t\t\t\t<\/div>\n\t\t\t\t<div class=\"elementor-element elementor-element-6e5a33f elementor-widget elementor-widget-heading\" data-id=\"6e5a33f\" data-element_type=\"widget\" data-e-type=\"widget\" data-widget_type=\"heading.default\">\n\t\t\t\t<div class=\"elementor-widget-container\">\n\t\t\t\t\t<h2 class=\"elementor-heading-title elementor-size-default\">Conte\u00fado de sites externos\n<\/h2>\t\t\t\t<\/div>\n\t\t\t\t<\/div>\n\t\t\t\t<div class=\"elementor-element elementor-element-d0301ba elementor-widget elementor-widget-text-editor\" data-id=\"d0301ba\" data-element_type=\"widget\" data-e-type=\"widget\" data-widget_type=\"text-editor.default\">\n\t\t\t\t<div class=\"elementor-widget-container\">\n\t\t\t\t\t\t\t\t\t<p>O conte\u00fado deste site pode incluir elementos incorporados, como imagens, texto, v\u00eddeos e muito mais. O conte\u00fado incorporado de outros sites funciona como se voc\u00ea estivesse visitando esses sites externos.<\/p><p>Esses sites externos podem coletar dados sobre voc\u00ea, usar cookies, implementar rastreamento de terceiros e monitorar suas intera\u00e7\u00f5es com o conte\u00fado incorporado. Se voc\u00ea tiver uma conta e estiver conectado ao site da plataforma de negocia\u00e7\u00e3o Finance Phantom, eles tamb\u00e9m podem rastrear suas intera\u00e7\u00f5es com esse conte\u00fado.<\/p>\t\t\t\t\t\t\t\t<\/div>\n\t\t\t\t<\/div>\n\t\t\t\t<div class=\"elementor-element elementor-element-167e0d9 elementor-widget elementor-widget-heading\" data-id=\"167e0d9\" data-element_type=\"widget\" data-e-type=\"widget\" data-widget_type=\"heading.default\">\n\t\t\t\t<div class=\"elementor-widget-container\">\n\t\t\t\t\t<h2 class=\"elementor-heading-title elementor-size-default\">Compartilhamos seus dados com outras pessoas?<\/h2>\t\t\t\t<\/div>\n\t\t\t\t<\/div>\n\t\t\t\t<div class=\"elementor-element elementor-element-2908c8d elementor-widget elementor-widget-text-editor\" data-id=\"2908c8d\" data-element_type=\"widget\" data-e-type=\"widget\" data-widget_type=\"text-editor.default\">\n\t\t\t\t<div class=\"elementor-widget-container\">\n\t\t\t\t\t\t\t\t\t<p>Se for necess\u00e1ria uma altera\u00e7\u00e3o de senha, o endere\u00e7o IP ser\u00e1 inclu\u00eddo no e-mail.<\/p>\t\t\t\t\t\t\t\t<\/div>\n\t\t\t\t<\/div>\n\t\t\t\t<div class=\"elementor-element elementor-element-5210641 elementor-widget elementor-widget-heading\" data-id=\"5210641\" data-element_type=\"widget\" data-e-type=\"widget\" data-widget_type=\"heading.default\">\n\t\t\t\t<div class=\"elementor-widget-container\">\n\t\t\t\t\t<h2 class=\"elementor-heading-title elementor-size-default\">Qual \u00e9 a dura\u00e7\u00e3o da reten\u00e7\u00e3o de dados?<\/h2>\t\t\t\t<\/div>\n\t\t\t\t<\/div>\n\t\t\t\t<div class=\"elementor-element elementor-element-3e56d82 elementor-widget elementor-widget-text-editor\" data-id=\"3e56d82\" data-element_type=\"widget\" data-e-type=\"widget\" data-widget_type=\"text-editor.default\">\n\t\t\t\t<div class=\"elementor-widget-container\">\n\t\t\t\t\t\t\t\t\t<p>Quando voc\u00ea deixa uma avalia\u00e7\u00e3o, ela e seus metadados associados s\u00e3o retidos indefinidamente. Isso nos permite reconhecer e aprovar automaticamente quaisquer coment\u00e1rios futuros, em vez de mant\u00ea-los em uma fila de modera\u00e7\u00e3o.<\/p><p>Para usu\u00e1rios que se registram em nosso site, armazenamos com seguran\u00e7a as informa\u00e7\u00f5es pessoais fornecidas em suas contas de usu\u00e1rio. Usu\u00e1rios registrados t\u00eam a capacidade de visualizar, editar ou excluir suas informa\u00e7\u00f5es pessoais a qualquer momento, exceto seus nomes de usu\u00e1rio. Esses dados tamb\u00e9m s\u00e3o acess\u00edveis e edit\u00e1veis \u200b\u200bpelos administradores da plataforma de negocia\u00e7\u00e3o Finance Phantom.<\/p>\t\t\t\t\t\t\t\t<\/div>\n\t\t\t\t<\/div>\n\t\t\t\t<div class=\"elementor-element elementor-element-55b5035 elementor-widget elementor-widget-heading\" data-id=\"55b5035\" data-element_type=\"widget\" data-e-type=\"widget\" data-widget_type=\"heading.default\">\n\t\t\t\t<div class=\"elementor-widget-container\">\n\t\t\t\t\t<h2 class=\"elementor-heading-title elementor-size-default\">Tenho algum direito sobre os dados?\n<\/h2>\t\t\t\t<\/div>\n\t\t\t\t<\/div>\n\t\t\t\t<div class=\"elementor-element elementor-element-a20a46f elementor-widget elementor-widget-text-editor\" data-id=\"a20a46f\" data-element_type=\"widget\" data-e-type=\"widget\" data-widget_type=\"text-editor.default\">\n\t\t\t\t<div class=\"elementor-widget-container\">\n\t\t\t\t\t\t\t\t\t<p>Se voc\u00ea tiver uma conta na plataforma de negocia\u00e7\u00e3o Finance Phantom ou tiver deixado coment\u00e1rios anteriormente, voc\u00ea tem o direito de solicitar uma c\u00f3pia das informa\u00e7\u00f5es pessoais que temos arquivadas sobre voc\u00ea. Isso inclui qualquer informa\u00e7\u00e3o que voc\u00ea nos forneceu explicitamente. Voc\u00ea tamb\u00e9m pode solicitar a exclus\u00e3o de qualquer informa\u00e7\u00e3o sens\u00edvel que tenhamos sobre voc\u00ea. No entanto, isso n\u00e3o inclui quaisquer dados que somos obrigados a reter para fins administrativos, legais ou de seguran\u00e7a.<\/p>\t\t\t\t\t\t\t\t<\/div>\n\t\t\t\t<\/div>\n\t\t\t\t<div class=\"elementor-element elementor-element-9b9a2e5 elementor-widget elementor-widget-heading\" data-id=\"9b9a2e5\" data-element_type=\"widget\" data-e-type=\"widget\" data-widget_type=\"heading.default\">\n\t\t\t\t<div class=\"elementor-widget-container\">\n\t\t\t\t\t<h2 class=\"elementor-heading-title elementor-size-default\">Os dados s\u00e3o enviados para algum lugar\n<\/h2>\t\t\t\t<\/div>\n\t\t\t\t<\/div>\n\t\t\t\t<div class=\"elementor-element elementor-element-66b3949 elementor-widget elementor-widget-text-editor\" data-id=\"66b3949\" data-element_type=\"widget\" data-e-type=\"widget\" data-widget_type=\"text-editor.default\">\n\t\t\t\t<div class=\"elementor-widget-container\">\n\t\t\t\t\t\t\t\t\t<p>Os coment\u00e1rios dos visitantes estar\u00e3o sujeitos a um processo de verifica\u00e7\u00e3o usando o sistema de detec\u00e7\u00e3o de spam.<\/p>\t\t\t\t\t\t\t\t<\/div>\n\t\t\t\t<\/div>\n\t\t\t\t<div class=\"elementor-element elementor-element-2e9177c elementor-widget elementor-widget-heading\" data-id=\"2e9177c\" data-element_type=\"widget\" data-e-type=\"widget\" data-widget_type=\"heading.default\">\n\t\t\t\t<div class=\"elementor-widget-container\">\n\t\t\t\t\t<h2 class=\"elementor-heading-title elementor-size-default\">Contate-nos<\/h2>\t\t\t\t<\/div>\n\t\t\t\t<\/div>\n\t\t\t\t<div class=\"elementor-element elementor-element-c471760 elementor-widget elementor-widget-text-editor\" data-id=\"c471760\" data-element_type=\"widget\" data-e-type=\"widget\" data-widget_type=\"text-editor.default\">\n\t\t\t\t<div class=\"elementor-widget-container\">\n\t\t\t\t\t\t\t\t\t<p>Para d\u00favidas, preocupa\u00e7\u00f5es ou pedidos relacionados com a sua privacidade, contacte:\u00a0 <a href=\"mailto:support@financephantomplatform.net\">support@financephantomplatform.net<\/a><\/p>\t\t\t\t\t\t\t\t<\/div>\n\t\t\t\t<\/div>\n\t\t\t\t<div class=\"elementor-element elementor-element-0beafa3 elementor-widget elementor-widget-spacer\" data-id=\"0beafa3\" data-element_type=\"widget\" data-e-type=\"widget\" data-widget_type=\"spacer.default\">\n\t\t\t\t<div class=\"elementor-widget-container\">\n\t\t\t\t\t\t\t<div class=\"elementor-spacer\">\n\t\t\t<div class=\"elementor-spacer-inner\"><\/div>\n\t\t<\/div>\n\t\t\t\t\t\t<\/div>\n\t\t\t\t<\/div>\n\t\t\t\t\t<\/div>\n\t\t\t\t<\/div>\n\t\t\t\t<\/div>","protected":false},"excerpt":{"rendered":"<p>Privacy Policy A Short Introduction Access our website through the: https:\/\/financephantomplatform.net\/ Information We Collect The personal information that you are asked to provide, and the reasons why you are asked to provide it, will be made clear to you at the point we ask you to provide your personal information. If you contact us directly, [&hellip;]<\/p>\n","protected":false},"author":1,"featured_media":0,"parent":0,"menu_order":0,"comment_status":"closed","ping_status":"closed","template":"","meta":{"footnotes":""},"class_list":["post-266","page","type-page","status-publish","hentry"],"_links":{"self":[{"href":"https:\/\/financephantomplatform.net\/pt\/wp-json\/wp\/v2\/pages\/266","targetHints":{"allow":["GET"]}}],"collection":[{"href":"https:\/\/financephantomplatform.net\/pt\/wp-json\/wp\/v2\/pages"}],"about":[{"href":"https:\/\/financephantomplatform.net\/pt\/wp-json\/wp\/v2\/types\/page"}],"author":[{"embeddable":true,"href":"https:\/\/financephantomplatform.net\/pt\/wp-json\/wp\/v2\/users\/1"}],"replies":[{"embeddable":true,"href":"https:\/\/financephantomplatform.net\/pt\/wp-json\/wp\/v2\/comments?post=266"}],"version-history":[{"count":0,"href":"https:\/\/financephantomplatform.net\/pt\/wp-json\/wp\/v2\/pages\/266\/revisions"}],"wp:attachment":[{"href":"https:\/\/financephantomplatform.net\/pt\/wp-json\/wp\/v2\/media?parent=266"}],"curies":[{"name":"wp","href":"https:\/\/api.w.org\/{rel}","templated":true}]}}