{"id":268,"date":"2024-08-21T07:12:10","date_gmt":"2024-08-21T07:12:10","guid":{"rendered":"https:\/\/financephantomplatform.net\/?page_id=268"},"modified":"2025-05-05T11:23:38","modified_gmt":"2025-05-05T11:23:38","slug":"avaliacoes","status":"publish","type":"page","link":"https:\/\/financephantomplatform.net\/pt\/reviews\/","title":{"rendered":"Avalia\u00e7\u00f5es"},"content":{"rendered":"<div data-elementor-type=\"wp-page\" data-elementor-id=\"268\" class=\"elementor elementor-268\" data-elementor-post-type=\"page\">\n\t\t\t\t<div class=\"elementor-element elementor-element-ae12c9f e-flex e-con-boxed e-con e-parent\" data-id=\"ae12c9f\" data-element_type=\"container\" data-e-type=\"container\" data-settings=\"{&quot;background_background&quot;:&quot;classic&quot;}\">\n\t\t\t\t\t<div class=\"e-con-inner\">\n\t\t\t\t<div class=\"elementor-element elementor-element-552252b elementor-widget elementor-widget-heading\" data-id=\"552252b\" data-element_type=\"widget\" data-e-type=\"widget\" data-widget_type=\"heading.default\">\n\t\t\t\t<div class=\"elementor-widget-container\">\n\t\t\t\t\t<h1 class=\"elementor-heading-title elementor-size-default\">Finance Phantom Platform Revis\u00e3o<\/h1>\t\t\t\t<\/div>\n\t\t\t\t<\/div>\n\t\t\t\t\t<\/div>\n\t\t\t\t<\/div>\n\t\t<div class=\"elementor-element elementor-element-bf2b57d e-flex e-con-boxed e-con e-parent\" data-id=\"bf2b57d\" data-element_type=\"container\" data-e-type=\"container\">\n\t\t\t\t\t<div class=\"e-con-inner\">\n\t\t<div class=\"elementor-element elementor-element-a0a2e29 e-con-full e-flex e-con e-child\" data-id=\"a0a2e29\" data-element_type=\"container\" data-e-type=\"container\">\n\t\t<div class=\"elementor-element elementor-element-d99d32a e-con-full e-flex e-con e-child\" data-id=\"d99d32a\" data-element_type=\"container\" data-e-type=\"container\">\n\t\t\t\t<div class=\"elementor-element elementor-element-e4e05ea elementor-widget__width-initial elementor-widget elementor-widget-heading\" data-id=\"e4e05ea\" data-element_type=\"widget\" data-e-type=\"widget\" data-widget_type=\"heading.default\">\n\t\t\t\t<div class=\"elementor-widget-container\">\n\t\t\t\t\t<h2 class=\"elementor-heading-title elementor-size-default\">Leia a an\u00e1lise completa e a opini\u00e3o da plataforma Finance Phantom para 2024 por Louis Kirby, ap\u00f3s 8 meses de negocia\u00e7\u00e3o com a plataforma Finance Phantom<\/h2>\t\t\t\t<\/div>\n\t\t\t\t<\/div>\n\t\t\t\t<\/div>\n\t\t\t\t<\/div>\n\t\t<div class=\"elementor-element elementor-element-6ce410e e-con-full e-flex e-con e-child\" data-id=\"6ce410e\" data-element_type=\"container\" data-e-type=\"container\">\n\t\t\t\t<div class=\"elementor-element elementor-element-e18635a elementor-widget elementor-widget-text-editor\" data-id=\"e18635a\" data-element_type=\"widget\" data-e-type=\"widget\" data-widget_type=\"text-editor.default\">\n\t\t\t\t<div class=\"elementor-widget-container\">\n\t\t\t\t\t\t\t\t\t<p>No reino do trading de criptomoedas, muitas pessoas baseiam suas decis\u00f5es no sentimento do mercado, muitas vezes sendo v\u00edtimas do \u201cefeito rebanho\u201d, onde as emo\u00e7\u00f5es superam a l\u00f3gica. No entanto, nesta an\u00e1lise da Finance Phantom Platform, apresentarei a voc\u00ea uma plataforma que usa intelig\u00eancia artificial para tomar decis\u00f5es informadas.<\/p><p>Este bot de negocia\u00e7\u00e3o de criptomoedas automatizado est\u00e1 ganhando aten\u00e7\u00e3o por seus recursos impressionantes. Com esta plataforma, voc\u00ea pode basear suas decis\u00f5es em dados concretos em vez de emo\u00e7\u00f5es. Ent\u00e3o, o que diferencia o Mythril? Continue lendo esta an\u00e1lise para saber mais.<\/p>\t\t\t\t\t\t\t\t<\/div>\n\t\t\t\t<\/div>\n\t\t\t\t<\/div>\n\t\t\t\t\t<\/div>\n\t\t\t\t<\/div>\n\t\t<div class=\"elementor-element elementor-element-f98fc37 e-flex e-con-boxed e-con e-parent\" data-id=\"f98fc37\" data-element_type=\"container\" data-e-type=\"container\">\n\t\t\t\t\t<div class=\"e-con-inner\">\n\t\t\t\t<div class=\"elementor-element elementor-element-a69ccb3 elementor-align-left elementor-widget-mobile__width-inherit elementor-mobile-align-center elementor-widget elementor-widget-button\" data-id=\"a69ccb3\" data-element_type=\"widget\" data-e-type=\"widget\" data-widget_type=\"button.default\">\n\t\t\t\t<div class=\"elementor-widget-container\">\n\t\t\t\t\t\t\t\t\t<div class=\"elementor-button-wrapper\">\n\t\t\t\t\t<a class=\"elementor-button elementor-button-link elementor-size-sm\" href=\"https:\/\/financephantomplatform.net\/pt\/contate-nos\/\">\n\t\t\t\t\t\t<span class=\"elementor-button-content-wrapper\">\n\t\t\t\t\t\t\t\t\t<span class=\"elementor-button-text\">TENHA ACESSO AO FINANCE PHANTOM<\/span>\n\t\t\t\t\t<\/span>\n\t\t\t\t\t<\/a>\n\t\t\t\t<\/div>\n\t\t\t\t\t\t\t\t<\/div>\n\t\t\t\t<\/div>\n\t\t\t\t<div class=\"elementor-element elementor-element-765a616 elementor-widget elementor-widget-spacer\" data-id=\"765a616\" data-element_type=\"widget\" data-e-type=\"widget\" data-widget_type=\"spacer.default\">\n\t\t\t\t<div class=\"elementor-widget-container\">\n\t\t\t\t\t\t\t<div class=\"elementor-spacer\">\n\t\t\t<div class=\"elementor-spacer-inner\"><\/div>\n\t\t<\/div>\n\t\t\t\t\t\t<\/div>\n\t\t\t\t<\/div>\n\t\t\t\t\t<\/div>\n\t\t\t\t<\/div>\n\t\t\t\t<\/div>","protected":false},"excerpt":{"rendered":"<p>Finance Phantom Platform Review Read the Full Review and Opinion of the Finance Phantom Platform for 2024 by Louis Kirby, After 8 Months of Trading with the Finance Phantom Platform In the realm of crypto trading, many people base their decisions on market sentiment, often falling victim to the &#8220;herding effect,&#8221; where emotions outweigh logic. [&hellip;]<\/p>\n","protected":false},"author":1,"featured_media":0,"parent":0,"menu_order":0,"comment_status":"closed","ping_status":"closed","template":"","meta":{"footnotes":""},"class_list":["post-268","page","type-page","status-publish","hentry"],"_links":{"self":[{"href":"https:\/\/financephantomplatform.net\/pt\/wp-json\/wp\/v2\/pages\/268","targetHints":{"allow":["GET"]}}],"collection":[{"href":"https:\/\/financephantomplatform.net\/pt\/wp-json\/wp\/v2\/pages"}],"about":[{"href":"https:\/\/financephantomplatform.net\/pt\/wp-json\/wp\/v2\/types\/page"}],"author":[{"embeddable":true,"href":"https:\/\/financephantomplatform.net\/pt\/wp-json\/wp\/v2\/users\/1"}],"replies":[{"embeddable":true,"href":"https:\/\/financephantomplatform.net\/pt\/wp-json\/wp\/v2\/comments?post=268"}],"version-history":[{"count":0,"href":"https:\/\/financephantomplatform.net\/pt\/wp-json\/wp\/v2\/pages\/268\/revisions"}],"wp:attachment":[{"href":"https:\/\/financephantomplatform.net\/pt\/wp-json\/wp\/v2\/media?parent=268"}],"curies":[{"name":"wp","href":"https:\/\/api.w.org\/{rel}","templated":true}]}}